{"id":8141,"date":"2018-11-01T04:32:21","date_gmt":"2018-11-01T01:32:21","guid":{"rendered":"http:\/\/www.zmtmetal.com\/iletisim\/"},"modified":"2024-08-19T17:37:01","modified_gmt":"2024-08-19T14:37:01","slug":"contact-us","status":"publish","type":"page","link":"https:\/\/www.zmtmetal.com\/en\/contact-us\/","title":{"rendered":"Contact Us"},"content":{"rendered":"<p>[vc_row full_width=&#8221;stretch_row_content_no_spaces&#8221; fullwidth=&#8221;true&#8221;][vc_column][vc_gmaps link=&#8221;#E-8_JTNDaWZyYW1lJTIwc3JjJTNEJTIyaHR0cHMlM0ElMkYlMkZ3d3cuZ29vZ2xlLmNvbSUyRm1hcHMlMkZlbWJlZCUzRnBiJTNEJTIxMW0xOCUyMTFtMTIlMjExbTMlMjExZDE1MDMuNDM5NzgwMDc0MzMwMiUyMTJkMjguNjQ1MjYyMTk2MjI4MDk2JTIxM2Q0MS4wOTM0NzgwODEwMzk2OSUyMTJtMyUyMTFmMCUyMTJmMCUyMTNmMCUyMTNtMiUyMTFpMTAyNCUyMTJpNzY4JTIxNGYxMy4xJTIxM20zJTIxMW0yJTIxMXMweDE0YjU1OTA4MDI5MTFlOTUlMjUzQTB4NzgzOGMxMmE1ZGJlNDUzNyUyMTJzWk1UJTI1MjBNZXRhbCUyMTVlMCUyMTNtMiUyMTFzdHIlMjEyc3RyJTIxNHYxNzI0MDc2OTI0MzU4JTIxNW0yJTIxMXN0ciUyMTJzdHIlMjIlMjB3aWR0aCUzRCUyMjEwMCUyNSUyMiUyMGhlaWdodCUzRCUyMjQ1MCUyMiUyMHN0eWxlJTNEJTIyYm9yZGVyJTNBMCUzQiUyMiUyMGFsbG93ZnVsbHNjcmVlbiUzRCUyMiUyMiUyMGxvYWRpbmclM0QlMjJsYXp5JTIyJTIwcmVmZXJyZXJwb2xpY3klM0QlMjJuby1yZWZlcnJlci13aGVuLWRvd25ncmFkZSUyMiUzRSUzQyUyRmlmcmFtZSUzRQ==&#8221; css=&#8221;.vc_custom_1724078207321{margin-bottom: 0px !important;}&#8221;][\/vc_column][\/vc_row][vc_row css=&#8221;.vc_custom_1541146563758{padding-top: 100px !important;padding-bottom: 100px !important;}&#8221;][vc_column offset=&#8221;vc_col-md-5&#8243;][vc_custom_heading text=&#8221;Contact Info&#8221; use_theme_fonts=&#8221;yes&#8221; css=&#8221;.vc_custom_1553076338742{margin-bottom: 40px !important;}&#8221;][vc_column_text]<strong>ZMT METAL SANAY\u0130 T\u0130CARET L\u0130M\u0130TED \u015e\u0130RKET\u0130<\/strong>[\/vc_column_text]\n    <div class=\"contact-info \">\n        <i class=\"fa fa-map-marker\"><\/i>\n        <div class=\"info\">\n            <h5>Address<\/h5>\n            <p>Bah\u00e7e\u015fehir 2. K\u0131s\u0131m Mah. Mercedes Bulvar\u0131,<br \/>\nBah\u00e7ekent Flora Sit. B2 Blok No:19, Ba\u015fak\u015fehir, \u0130stanbul<\/p>\n        <\/div>\n    <\/div>\n\n\n    <div class=\"contact-info \">\n        <i class=\"fa fa-envelope\"><\/i>\n        <div class=\"info\">\n            <h5>E-mail<\/h5>\n            <p><a href=\"mailto:info@zmtmetal.com\">info@zmtmetal.com<\/a><\/p>\n        <\/div>\n    <\/div>\n\n\n    <div class=\"contact-info \">\n        <i class=\"fa fa-phone\"><\/i>\n        <div class=\"info\">\n            <h5>Phone<\/h5>\n            <p><a href=\"tel:+902126232375\">+90 212 623 23 75<\/a><\/p>\n        <\/div>\n    <\/div>\n\n\n    <div class=\"contact-info \">\n        <i class=\"fa fa-handshake-o\"><\/i>\n        <div class=\"info\">\n            <h5>Contact Person<\/h5>\n            <p><strong>Export Manager<\/strong><br \/>\nMr. Ridvan KOLCU<br \/>\nridvankolcu@zmtmetal.com<\/p>\n<p><strong>Mobile<\/strong><br \/>\n<a href=\"tel:+905379178850\">+90 537 917 88 50<\/a><\/p>\n        <\/div>\n    <\/div>\n\n[\/vc_column][vc_column offset=&#8221;vc_col-md-7&#8243;][vc_custom_heading text=&#8221;Contact Us&#8221; use_theme_fonts=&#8221;yes&#8221; css=&#8221;.vc_custom_1553076363426{margin-bottom: 43px !important;}&#8221;]<div role=\"form\" class=\"wpcf7\" id=\"wpcf7-f8200-o1\" lang=\"en-US\" dir=\"ltr\">\n<div class=\"screen-reader-response\"><p role=\"status\" aria-live=\"polite\" aria-atomic=\"true\"><\/p> <ul><\/ul><\/div>\n<form action=\"\/en\/wp-json\/wp\/v2\/pages\/8141\/#wpcf7-f8200-o1\" method=\"post\" class=\"wpcf7-form init\" novalidate=\"novalidate\" data-status=\"init\">\n<div style=\"display: none;\">\n<input type=\"hidden\" name=\"_wpcf7\" value=\"8200\" \/>\n<input type=\"hidden\" name=\"_wpcf7_version\" value=\"5.6.4\" \/>\n<input type=\"hidden\" name=\"_wpcf7_locale\" value=\"en_US\" \/>\n<input type=\"hidden\" name=\"_wpcf7_unit_tag\" value=\"wpcf7-f8200-o1\" \/>\n<input type=\"hidden\" name=\"_wpcf7_container_post\" value=\"0\" \/>\n<input type=\"hidden\" name=\"_wpcf7_posted_data_hash\" value=\"\" \/>\n<\/div>\n<p><span class=\"wpcf7-form-control-wrap\" data-name=\"your-name\"><input type=\"text\" name=\"your-name\" value=\"\" size=\"40\" class=\"wpcf7-form-control wpcf7-text wpcf7-validates-as-required\" aria-required=\"true\" aria-invalid=\"false\" placeholder=\"Name and surname\" \/><\/span><\/p>\n<p><span class=\"wpcf7-form-control-wrap\" data-name=\"your-company\"><input type=\"text\" name=\"your-company\" value=\"\" size=\"40\" class=\"wpcf7-form-control wpcf7-text\" aria-invalid=\"false\" placeholder=\"Company name\" \/><\/span><\/p>\n<p><span class=\"wpcf7-form-control-wrap\" data-name=\"your-email\"><input type=\"email\" name=\"your-email\" value=\"\" size=\"40\" class=\"wpcf7-form-control wpcf7-text wpcf7-email wpcf7-validates-as-required wpcf7-validates-as-email\" aria-required=\"true\" aria-invalid=\"false\" placeholder=\"E-Mail Address\" \/><\/span><\/p>\n<p><span class=\"wpcf7-form-control-wrap\" data-name=\"tel-number\"><input type=\"tel\" name=\"tel-number\" value=\"\" size=\"40\" class=\"wpcf7-form-control wpcf7-text wpcf7-tel wpcf7-validates-as-tel\" aria-invalid=\"false\" placeholder=\"Phone Number\" \/><\/span><\/p>\n<p><span class=\"wpcf7-form-control-wrap\" data-name=\"your-message\"><textarea name=\"your-message\" cols=\"40\" rows=\"10\" class=\"wpcf7-form-control wpcf7-textarea wpcf7-validates-as-required\" aria-required=\"true\" aria-invalid=\"false\" placeholder=\"Message\"><\/textarea><\/span><\/p>\n<p><input type=\"submit\" value=\"Send\" class=\"wpcf7-form-control has-spinner wpcf7-submit btn btn-large\" \/><\/p>\n<div class=\"wpcf7-response-output\" aria-hidden=\"true\"><\/div><\/form><\/div>[\/vc_column][\/vc_row]<\/p>\n","protected":false},"excerpt":{"rendered":"<p>[vc_row full_width=&#8221;stretch_row_content_no_spaces&#8221; fullwidth=&#8221;true&#8221;][vc_column][vc_gmaps link=&#8221;#E-8_JTNDaWZyYW1lJTIwc3JjJTNEJTIyaHR0cHMlM0ElMkYlMkZ3d3cuZ29vZ2xlLmNvbSUyRm1hcHMlMkZlbWJlZCUzRnBiJTNEJTIxMW0xOCUyMTFtMTIlMjExbTMlMjExZDE1MDMuNDM5NzgwMDc0MzMwMiUyMTJkMjguNjQ1MjYyMTk2MjI4MDk2JTIxM2Q0MS4wOTM0NzgwODEwMzk2OSUyMTJtMyUyMTFmMCUyMTJmMCUyMTNmMCUyMTNtMiUyMTFpMTAyNCUyMTJpNzY4JTIxNGYxMy4xJTIxM20zJTIxMW0yJTIxMXMweDE0YjU1OTA4MDI5MTFlOTUlMjUzQTB4NzgzOGMxMmE1ZGJlNDUzNyUyMTJzWk1UJTI1MjBNZXRhbCUyMTVlMCUyMTNtMiUyMTFzdHIlMjEyc3RyJTIxNHYxNzI0MDc2OTI0MzU4JTIxNW0yJTIxMXN0ciUyMTJzdHIlMjIlMjB3aWR0aCUzRCUyMjEwMCUyNSUyMiUyMGhlaWdodCUzRCUyMjQ1MCUyMiUyMHN0eWxlJTNEJTIyYm9yZGVyJTNBMCUzQiUyMiUyMGFsbG93ZnVsbHNjcmVlbiUzRCUyMiUyMiUyMGxvYWRpbmclM0QlMjJsYXp5JTIyJTIwcmVmZXJyZXJwb2xpY3klM0QlMjJuby1yZWZlcnJlci13aGVuLWRvd25ncmFkZSUyMiUzRSUzQyUyRmlmcmFtZSUzRQ==&#8221; css=&#8221;.vc_custom_1724078207321{margin-bottom: 0px !important;}&#8221;][\/vc_column][\/vc_row][vc_row css=&#8221;.vc_custom_1541146563758{padding-top: 100px !important;padding-bottom: 100px !important;}&#8221;][vc_column offset=&#8221;vc_col-md-5&#8243;][vc_custom_heading text=&#8221;Contact Info&#8221; use_theme_fonts=&#8221;yes&#8221; css=&#8221;.vc_custom_1553076338742{margin-bottom: 40px !important;}&#8221;][vc_column_text]ZMT METAL SANAY\u0130 T\u0130CARET L\u0130M\u0130TED \u015e\u0130RKET\u0130[\/vc_column_text][\/vc_column][vc_column offset=&#8221;vc_col-md-7&#8243;][vc_custom_heading text=&#8221;Contact Us&#8221; use_theme_fonts=&#8221;yes&#8221; css=&#8221;.vc_custom_1553076363426{margin-bottom: 43px !important;}&#8221;][\/vc_column][\/vc_row]<\/p>\n","protected":false},"author":1,"featured_media":0,"parent":0,"menu_order":0,"comment_status":"closed","ping_status":"closed","template":"","meta":[],"yoast_head":"<!-- This site is optimized with the Yoast SEO plugin v19.10 - https:\/\/yoast.com\/wordpress\/plugins\/seo\/ -->\n<title>Contact Us &ndash; ZMT Metal<\/title>\n<meta name=\"robots\" content=\"index, follow, max-snippet:-1, max-image-preview:large, max-video-preview:-1\" \/>\n<link rel=\"canonical\" href=\"https:\/\/www.zmtmetal.com\/en\/contact-us\/\" \/>\n<meta property=\"og:locale\" content=\"en_US\" \/>\n<meta property=\"og:type\" content=\"article\" \/>\n<meta property=\"og:title\" content=\"Contact Us &ndash; ZMT Metal\" \/>\n<meta property=\"og:description\" content=\"[vc_row full_width=&#8221;stretch_row_content_no_spaces&#8221; fullwidth=&#8221;true&#8221;][vc_column][vc_gmaps link=&#8221;#E-8_JTNDaWZyYW1lJTIwc3JjJTNEJTIyaHR0cHMlM0ElMkYlMkZ3d3cuZ29vZ2xlLmNvbSUyRm1hcHMlMkZlbWJlZCUzRnBiJTNEJTIxMW0xOCUyMTFtMTIlMjExbTMlMjExZDE1MDMuNDM5NzgwMDc0MzMwMiUyMTJkMjguNjQ1MjYyMTk2MjI4MDk2JTIxM2Q0MS4wOTM0NzgwODEwMzk2OSUyMTJtMyUyMTFmMCUyMTJmMCUyMTNmMCUyMTNtMiUyMTFpMTAyNCUyMTJpNzY4JTIxNGYxMy4xJTIxM20zJTIxMW0yJTIxMXMweDE0YjU1OTA4MDI5MTFlOTUlMjUzQTB4NzgzOGMxMmE1ZGJlNDUzNyUyMTJzWk1UJTI1MjBNZXRhbCUyMTVlMCUyMTNtMiUyMTFzdHIlMjEyc3RyJTIxNHYxNzI0MDc2OTI0MzU4JTIxNW0yJTIxMXN0ciUyMTJzdHIlMjIlMjB3aWR0aCUzRCUyMjEwMCUyNSUyMiUyMGhlaWdodCUzRCUyMjQ1MCUyMiUyMHN0eWxlJTNEJTIyYm9yZGVyJTNBMCUzQiUyMiUyMGFsbG93ZnVsbHNjcmVlbiUzRCUyMiUyMiUyMGxvYWRpbmclM0QlMjJsYXp5JTIyJTIwcmVmZXJyZXJwb2xpY3klM0QlMjJuby1yZWZlcnJlci13aGVuLWRvd25ncmFkZSUyMiUzRSUzQyUyRmlmcmFtZSUzRQ==&#8221; css=&#8221;.vc_custom_1724078207321{margin-bottom: 0px !important;}&#8221;][\/vc_column][\/vc_row][vc_row css=&#8221;.vc_custom_1541146563758{padding-top: 100px !important;padding-bottom: 100px !important;}&#8221;][vc_column offset=&#8221;vc_col-md-5&#8243;][vc_custom_heading text=&#8221;Contact Info&#8221; use_theme_fonts=&#8221;yes&#8221; css=&#8221;.vc_custom_1553076338742{margin-bottom: 40px !important;}&#8221;][vc_column_text]ZMT METAL SANAY\u0130 T\u0130CARET L\u0130M\u0130TED \u015e\u0130RKET\u0130[\/vc_column_text][\/vc_column][vc_column offset=&#8221;vc_col-md-7&#8243;][vc_custom_heading text=&#8221;Contact Us&#8221; use_theme_fonts=&#8221;yes&#8221; css=&#8221;.vc_custom_1553076363426{margin-bottom: 43px !important;}&#8221;][\/vc_column][\/vc_row]\" \/>\n<meta property=\"og:url\" content=\"https:\/\/www.zmtmetal.com\/en\/contact-us\/\" \/>\n<meta property=\"og:site_name\" content=\"ZMT Metal\" \/>\n<meta property=\"article:modified_time\" content=\"2024-08-19T14:37:01+00:00\" \/>\n<meta name=\"twitter:card\" content=\"summary_large_image\" \/>\n<meta name=\"twitter:label1\" content=\"Est. reading time\" \/>\n\t<meta name=\"twitter:data1\" content=\"1 minute\" \/>\n<script type=\"application\/ld+json\" class=\"yoast-schema-graph\">{\"@context\":\"https:\/\/schema.org\",\"@graph\":[{\"@type\":\"WebPage\",\"@id\":\"https:\/\/www.zmtmetal.com\/en\/contact-us\/\",\"url\":\"https:\/\/www.zmtmetal.com\/en\/contact-us\/\",\"name\":\"Contact Us &ndash; ZMT Metal\",\"isPartOf\":{\"@id\":\"https:\/\/www.zmtmetal.com\/#website\"},\"datePublished\":\"2018-11-01T01:32:21+00:00\",\"dateModified\":\"2024-08-19T14:37:01+00:00\",\"breadcrumb\":{\"@id\":\"https:\/\/www.zmtmetal.com\/en\/contact-us\/#breadcrumb\"},\"inLanguage\":\"en-US\",\"potentialAction\":[{\"@type\":\"ReadAction\",\"target\":[\"https:\/\/www.zmtmetal.com\/en\/contact-us\/\"]}]},{\"@type\":\"BreadcrumbList\",\"@id\":\"https:\/\/www.zmtmetal.com\/en\/contact-us\/#breadcrumb\",\"itemListElement\":[{\"@type\":\"ListItem\",\"position\":1,\"name\":\"Ana sayfa\",\"item\":\"https:\/\/www.zmtmetal.com\/en\/\"},{\"@type\":\"ListItem\",\"position\":2,\"name\":\"Contact Us\"}]},{\"@type\":\"WebSite\",\"@id\":\"https:\/\/www.zmtmetal.com\/#website\",\"url\":\"https:\/\/www.zmtmetal.com\/\",\"name\":\"ZMT Metal\",\"description\":\"ZMT Metal Kurumsal Web Sitesi\",\"publisher\":{\"@id\":\"https:\/\/www.zmtmetal.com\/#organization\"},\"potentialAction\":[{\"@type\":\"SearchAction\",\"target\":{\"@type\":\"EntryPoint\",\"urlTemplate\":\"https:\/\/www.zmtmetal.com\/?s={search_term_string}\"},\"query-input\":\"required name=search_term_string\"}],\"inLanguage\":\"en-US\"},{\"@type\":\"Organization\",\"@id\":\"https:\/\/www.zmtmetal.com\/#organization\",\"name\":\"ZMT Metal\",\"url\":\"https:\/\/www.zmtmetal.com\/\",\"logo\":{\"@type\":\"ImageObject\",\"inLanguage\":\"en-US\",\"@id\":\"https:\/\/www.zmtmetal.com\/#\/schema\/logo\/image\/\",\"url\":\"https:\/\/www.zmtmetal.com\/wp-content\/uploads\/2019\/03\/ZMTMetal-Logo@2x.png\",\"contentUrl\":\"https:\/\/www.zmtmetal.com\/wp-content\/uploads\/2019\/03\/ZMTMetal-Logo@2x.png\",\"width\":1000,\"height\":746,\"caption\":\"ZMT Metal\"},\"image\":{\"@id\":\"https:\/\/www.zmtmetal.com\/#\/schema\/logo\/image\/\"}}]}<\/script>\n<!-- \/ Yoast SEO plugin. -->","yoast_head_json":{"title":"Contact Us &ndash; ZMT Metal","robots":{"index":"index","follow":"follow","max-snippet":"max-snippet:-1","max-image-preview":"max-image-preview:large","max-video-preview":"max-video-preview:-1"},"canonical":"https:\/\/www.zmtmetal.com\/en\/contact-us\/","og_locale":"en_US","og_type":"article","og_title":"Contact Us &ndash; ZMT Metal","og_description":"[vc_row full_width=&#8221;stretch_row_content_no_spaces&#8221; fullwidth=&#8221;true&#8221;][vc_column][vc_gmaps link=&#8221;#E-8_JTNDaWZyYW1lJTIwc3JjJTNEJTIyaHR0cHMlM0ElMkYlMkZ3d3cuZ29vZ2xlLmNvbSUyRm1hcHMlMkZlbWJlZCUzRnBiJTNEJTIxMW0xOCUyMTFtMTIlMjExbTMlMjExZDE1MDMuNDM5NzgwMDc0MzMwMiUyMTJkMjguNjQ1MjYyMTk2MjI4MDk2JTIxM2Q0MS4wOTM0NzgwODEwMzk2OSUyMTJtMyUyMTFmMCUyMTJmMCUyMTNmMCUyMTNtMiUyMTFpMTAyNCUyMTJpNzY4JTIxNGYxMy4xJTIxM20zJTIxMW0yJTIxMXMweDE0YjU1OTA4MDI5MTFlOTUlMjUzQTB4NzgzOGMxMmE1ZGJlNDUzNyUyMTJzWk1UJTI1MjBNZXRhbCUyMTVlMCUyMTNtMiUyMTFzdHIlMjEyc3RyJTIxNHYxNzI0MDc2OTI0MzU4JTIxNW0yJTIxMXN0ciUyMTJzdHIlMjIlMjB3aWR0aCUzRCUyMjEwMCUyNSUyMiUyMGhlaWdodCUzRCUyMjQ1MCUyMiUyMHN0eWxlJTNEJTIyYm9yZGVyJTNBMCUzQiUyMiUyMGFsbG93ZnVsbHNjcmVlbiUzRCUyMiUyMiUyMGxvYWRpbmclM0QlMjJsYXp5JTIyJTIwcmVmZXJyZXJwb2xpY3klM0QlMjJuby1yZWZlcnJlci13aGVuLWRvd25ncmFkZSUyMiUzRSUzQyUyRmlmcmFtZSUzRQ==&#8221; css=&#8221;.vc_custom_1724078207321{margin-bottom: 0px !important;}&#8221;][\/vc_column][\/vc_row][vc_row css=&#8221;.vc_custom_1541146563758{padding-top: 100px !important;padding-bottom: 100px !important;}&#8221;][vc_column offset=&#8221;vc_col-md-5&#8243;][vc_custom_heading text=&#8221;Contact Info&#8221; use_theme_fonts=&#8221;yes&#8221; css=&#8221;.vc_custom_1553076338742{margin-bottom: 40px !important;}&#8221;][vc_column_text]ZMT METAL SANAY\u0130 T\u0130CARET L\u0130M\u0130TED \u015e\u0130RKET\u0130[\/vc_column_text][\/vc_column][vc_column offset=&#8221;vc_col-md-7&#8243;][vc_custom_heading text=&#8221;Contact Us&#8221; use_theme_fonts=&#8221;yes&#8221; css=&#8221;.vc_custom_1553076363426{margin-bottom: 43px !important;}&#8221;][\/vc_column][\/vc_row]","og_url":"https:\/\/www.zmtmetal.com\/en\/contact-us\/","og_site_name":"ZMT Metal","article_modified_time":"2024-08-19T14:37:01+00:00","twitter_card":"summary_large_image","twitter_misc":{"Est. reading time":"1 minute"},"schema":{"@context":"https:\/\/schema.org","@graph":[{"@type":"WebPage","@id":"https:\/\/www.zmtmetal.com\/en\/contact-us\/","url":"https:\/\/www.zmtmetal.com\/en\/contact-us\/","name":"Contact Us &ndash; ZMT Metal","isPartOf":{"@id":"https:\/\/www.zmtmetal.com\/#website"},"datePublished":"2018-11-01T01:32:21+00:00","dateModified":"2024-08-19T14:37:01+00:00","breadcrumb":{"@id":"https:\/\/www.zmtmetal.com\/en\/contact-us\/#breadcrumb"},"inLanguage":"en-US","potentialAction":[{"@type":"ReadAction","target":["https:\/\/www.zmtmetal.com\/en\/contact-us\/"]}]},{"@type":"BreadcrumbList","@id":"https:\/\/www.zmtmetal.com\/en\/contact-us\/#breadcrumb","itemListElement":[{"@type":"ListItem","position":1,"name":"Ana sayfa","item":"https:\/\/www.zmtmetal.com\/en\/"},{"@type":"ListItem","position":2,"name":"Contact Us"}]},{"@type":"WebSite","@id":"https:\/\/www.zmtmetal.com\/#website","url":"https:\/\/www.zmtmetal.com\/","name":"ZMT Metal","description":"ZMT Metal Kurumsal Web Sitesi","publisher":{"@id":"https:\/\/www.zmtmetal.com\/#organization"},"potentialAction":[{"@type":"SearchAction","target":{"@type":"EntryPoint","urlTemplate":"https:\/\/www.zmtmetal.com\/?s={search_term_string}"},"query-input":"required name=search_term_string"}],"inLanguage":"en-US"},{"@type":"Organization","@id":"https:\/\/www.zmtmetal.com\/#organization","name":"ZMT Metal","url":"https:\/\/www.zmtmetal.com\/","logo":{"@type":"ImageObject","inLanguage":"en-US","@id":"https:\/\/www.zmtmetal.com\/#\/schema\/logo\/image\/","url":"https:\/\/www.zmtmetal.com\/wp-content\/uploads\/2019\/03\/ZMTMetal-Logo@2x.png","contentUrl":"https:\/\/www.zmtmetal.com\/wp-content\/uploads\/2019\/03\/ZMTMetal-Logo@2x.png","width":1000,"height":746,"caption":"ZMT Metal"},"image":{"@id":"https:\/\/www.zmtmetal.com\/#\/schema\/logo\/image\/"}}]}},"_links":{"self":[{"href":"https:\/\/www.zmtmetal.com\/en\/wp-json\/wp\/v2\/pages\/8141\/"}],"collection":[{"href":"https:\/\/www.zmtmetal.com\/en\/wp-json\/wp\/v2\/pages\/"}],"about":[{"href":"https:\/\/www.zmtmetal.com\/en\/wp-json\/wp\/v2\/types\/page\/"}],"author":[{"embeddable":true,"href":"https:\/\/www.zmtmetal.com\/en\/wp-json\/wp\/v2\/users\/1\/"}],"replies":[{"embeddable":true,"href":"https:\/\/www.zmtmetal.com\/en\/wp-json\/wp\/v2\/comments\/?post=8141"}],"version-history":[{"count":10,"href":"https:\/\/www.zmtmetal.com\/en\/wp-json\/wp\/v2\/pages\/8141\/revisions\/"}],"predecessor-version":[{"id":8334,"href":"https:\/\/www.zmtmetal.com\/en\/wp-json\/wp\/v2\/pages\/8141\/revisions\/8334\/"}],"wp:attachment":[{"href":"https:\/\/www.zmtmetal.com\/en\/wp-json\/wp\/v2\/media\/?parent=8141"}],"curies":[{"name":"wp","href":"https:\/\/api.w.org\/{rel}","templated":true}]}}