{"id":8155,"date":"2018-11-23T08:24:33","date_gmt":"2018-11-23T05:24:33","guid":{"rendered":"http:\/\/www.zmtmetal.com\/home-2\/"},"modified":"2019-03-21T12:20:59","modified_gmt":"2019-03-21T09:20:59","slug":"anasayfa","status":"publish","type":"page","link":"https:\/\/www.zmtmetal.com\/de\/","title":{"rendered":"Startseite"},"content":{"rendered":"<p>[vc_row full_width=&#8220;stretch_row_content_no_spaces&#8220; fullwidth=&#8220;true&#8220;][vc_column][rev_slider_vc alias=&#8220;home-de&#8220;][\/vc_column][\/vc_row][vc_row css=&#8220;.vc_custom_1542963436303{padding-bottom: 100px !important;background-image: url(http:\/\/localhost\/industro\/wp-content\/uploads\/2018\/11\/bg-map.png?id=629) !important;}&#8220;][vc_column][vc_empty_space height=&#8220;25px&#8220; css=&#8220;.vc_custom_1552911577418{border-top-width: 1px !important;border-top-color: #dadbdf !important;border-top-style: solid !important;}&#8220;][\/vc_column][vc_column offset=&#8220;vc_col-lg-5 vc_col-md-6&#8243;][vc_column_text css=&#8220;.vc_custom_1552912029253{margin-bottom: 27px !important;}&#8220;]<\/p>\n<h2>ZMT Metal<\/h2>\n<p>[\/vc_column_text][vc_column_text css=&#8220;.vc_custom_1553157292782{margin-bottom: 60px !important;}&#8220;]Das ZMT Metal San.Tic. Ltd. \u015eti.\u00a0ist seit seiner Gr\u00fcndung an der Spitze der Branche und hat mit den Innovationen, die es geschaffen hat, den technologischen Wandel vorangetrieben und zu den bestimmenden Faktoren der Branche gemacht.[\/vc_column_text]\n    <div class=\"icon-box  style-2\">\n                <img src=\"https:\/\/www.zmtmetal.com\/wp-content\/uploads\/2019\/03\/rondela-pul@2x.png\" alt=\"icon\">        <div class=\"content-box\">\n            <h5>Unterlegscheiben<\/h5>\n            <p>Eine Unterlegscheibe ist eine d\u00fcnne Platte (normalerweise scheibenf\u00f6rmig) mit einem Loch (normalerweise in der Mitte), das normalerweise verwendet wird, um die Last eines Gewindebefestigungselements, beispielsweise eines Bolzens oder einer Mutter, zu verteilen.<\/p>\n                    <\/div>\n    <\/div>\n\n    [vc_empty_space height=&#8220;25px&#8220;]\n    <div class=\"icon-box  style-2\">\n                <img src=\"https:\/\/www.zmtmetal.com\/wp-content\/uploads\/2019\/03\/civata@2x.png\" alt=\"icon\">        <div class=\"content-box\">\n            <h5>Bolzen<\/h5>\n            <p>Ein Bolzen ist eine Art Gewindebefestigung mit einem Au\u00dfengewinde. Schrauben sind eng mit Schrauben verbunden.<\/p>\n                    <\/div>\n    <\/div>\n\n    [vc_empty_space height=&#8220;25px&#8220;]\n    <div class=\"icon-box  style-2\">\n                <img src=\"https:\/\/www.zmtmetal.com\/wp-content\/uploads\/2019\/03\/somun@2x.png\" alt=\"icon\">        <div class=\"content-box\">\n            <h5>Schraubenmutter<\/h5>\n            <p>Eine Mutter ist eine Art Befestigungselement mit einem Gewindeloch. Muttern werden fast immer in Verbindung mit einem passenden Bolzen verwendet, um mehrere Teile miteinander zu verbinden.<\/p>\n                    <\/div>\n    <\/div>\n\n    [vc_empty_space height=&#8220;25px&#8220;]\n    <div class=\"icon-box  style-2\">\n                <img src=\"https:\/\/www.zmtmetal.com\/wp-content\/uploads\/2019\/03\/vida@2x.png\" alt=\"icon\">        <div class=\"content-box\">\n            <h5>Schrauben<\/h5>\n            <p>Eine Schraube ist eine Art Befestigungselement, das in gewisser Weise einem normalerweise aus Metall hergestellten Bolzen \u00e4hnelt und durch einen spiralf\u00f6rmigen Steg gekennzeichnet ist, der als Au\u00dfengewinde (Au\u00dfengewinde) bekannt ist.<\/p>\n                    <\/div>\n    <\/div>\n\n    [vc_empty_space height=&#8220;30px&#8220; el_class=&#8220;lg-hidden&#8220;][\/vc_column][vc_column offset=&#8220;vc_col-lg-offset-1 vc_col-lg-6 vc_col-md-offset-0 vc_col-md-6&#8243;][vc_single_image image=&#8220;8021&#8243; img_size=&#8220;full&#8220; alignment=&#8220;center&#8220; style=&#8220;vc_box_rounded&#8220; css=&#8220;.vc_custom_1552912007590{margin-bottom: 0px !important;}&#8220;][\/vc_column][\/vc_row][vc_row css=&#8220;.vc_custom_1542964709535{padding-bottom: 100px !important;}&#8220;][vc_column][vc_column_text css=&#8220;.vc_custom_1553157736302{margin-bottom: 70px !important;}&#8220;]<\/p>\n<p class=\"subtitle\">WIR W\u00c4HLEN SIE<\/p>\n<h2>Unsere Hauptprodukte<\/h2>\n<p>[\/vc_column_text][\/vc_column][vc_column width=&#8220;1\/2&#8243; offset=&#8220;vc_col-md-3&#8243;]\n    <div class=\"service-box \">\n        <img src=\"https:\/\/www.zmtmetal.com\/wp-content\/uploads\/2019\/03\/rondelalar.jpg\" alt=\"service\">        <div class=\"content-box\">\n            <h5>Unterlegscheiben<\/h5>\n            <p><\/p>\n            <a class=\"link-box\" href=\"#\" target=\"_self\">Jetzt bestellen<\/a>        <\/div>\n    <\/div>\n\n    [vc_empty_space height=&#8220;40px&#8220; el_class=&#8220;lg-hidden&#8220;][\/vc_column][vc_column width=&#8220;1\/2&#8243; offset=&#8220;vc_col-md-3&#8243;]\n    <div class=\"service-box \">\n        <img src=\"https:\/\/www.zmtmetal.com\/wp-content\/uploads\/2019\/03\/civatalar2.png\" alt=\"service\">        <div class=\"content-box\">\n            <h5>Bolzen<\/h5>\n            <p><\/p>\n            <a class=\"link-box\" href=\"#\" target=\"_self\">Jetzt bestellen<\/a>        <\/div>\n    <\/div>\n\n    [vc_empty_space height=&#8220;40px&#8220; el_class=&#8220;lg-hidden&#8220;][\/vc_column][vc_column width=&#8220;1\/2&#8243; offset=&#8220;vc_col-md-3&#8243;]\n    <div class=\"service-box \">\n        <img src=\"https:\/\/www.zmtmetal.com\/wp-content\/uploads\/2019\/03\/somunlar.png\" alt=\"service\">        <div class=\"content-box\">\n            <h5>Schraubenmutter<\/h5>\n            <p><\/p>\n            <a class=\"link-box\" href=\"#\" target=\"_self\">Jetzt bestellen<\/a>        <\/div>\n    <\/div>\n\n    [vc_empty_space height=&#8220;40px&#8220; el_class=&#8220;lg-hidden md-hidden&#8220;][\/vc_column][vc_column width=&#8220;1\/2&#8243; offset=&#8220;vc_col-md-3&#8243;]\n    <div class=\"service-box \">\n        <img src=\"https:\/\/www.zmtmetal.com\/wp-content\/uploads\/2019\/03\/vidalar.png\" alt=\"service\">        <div class=\"content-box\">\n            <h5>Schrauben<\/h5>\n            <p><\/p>\n            <a class=\"link-box\" href=\"#\" target=\"_self\">Jetzt bestellen<\/a>        <\/div>\n    <\/div>\n\n    [\/vc_column][\/vc_row][vc_row css=&#8220;.vc_custom_1542964896462{padding-top: 100px !important;padding-bottom: 80px !important;background-color: #f7f7f7 !important;}&#8220;][vc_column][vc_column_text css=&#8220;.vc_custom_1553158020524{margin-bottom: 90px !important;}&#8220;]<\/p>\n<p class=\"subtitle\">WIE ARBEITEN WIR?<\/p>\n<h2>Unser Workflow<\/h2>\n<p>[\/vc_column_text]\n    <div class=\"process \">\n                <div class=\"steps active\">\n            <i class=\"p-icon flaticon-result\"><\/i>\n            <div class=\"step-content\">\n                <h5>Forschung und Entwicklung<\/h5>\n                <p><\/p>\n            <\/div>\n        <\/div>\n                <div class=\"steps \">\n            <i class=\"p-icon flaticon-jigsaw\"><\/i>\n            <div class=\"step-content\">\n                <h5>Kreative L\u00f6sungen<\/h5>\n                <p><\/p>\n            <\/div>\n        <\/div>\n                <div class=\"steps \">\n            <i class=\"p-icon flaticon-gears-1\"><\/i>\n            <div class=\"step-content\">\n                <h5>Herstellungsverfahren<\/h5>\n                <p><\/p>\n            <\/div>\n        <\/div>\n                <div class=\"steps \">\n            <i class=\"p-icon fa fa-gift\"><\/i>\n            <div class=\"step-content\">\n                <h5>Lieferung<\/h5>\n                <p><\/p>\n            <\/div>\n        <\/div>\n            <\/div>\n\n    [\/vc_column][\/vc_row][vc_row equal_height=&#8220;yes&#8220; content_placement=&#8220;middle&#8220; css=&#8220;.vc_custom_1552988465911{padding-top: 100px !important;padding-bottom: 100px !important;background-image: url(http:\/\/zmtmetal.com\/wp-content\/uploads\/2019\/03\/anasayfa.png?id=8065) !important;background-position: center !important;background-repeat: no-repeat !important;background-size: cover !important;}&#8220;][vc_column offset=&#8220;vc_col-md-6&#8243;][vc_custom_heading text=&#8220;Perfekte L\u00f6sungen in der Verbindungsindustrie&#8220; font_container=&#8220;tag:h2|text_align:left|color:%23ffffff&#8220; use_theme_fonts=&#8220;yes&#8220; css=&#8220;.vc_custom_1553158136813{margin-bottom: 0px !important;}&#8220;][\/vc_column][vc_column offset=&#8220;vc_col-md-6&#8243;][vc_row_inner][vc_column_inner width=&#8220;1\/3&#8243; offset=&#8220;vc_col-xs-4&#8243;]\n    <div class=\"fun-facts \">\n        <div class=\"number-fact\">\n            <span class=\"number\" data-to=\"20\" data-inviewport=\"yes\">0<\/span>\n        <\/div>\n        <div class=\"title-fact\">\n            Jahr            <span class=\"text-primary\">Erfahrung<\/span>\n        <\/div>\n    <\/div>\n\n    [\/vc_column_inner][vc_column_inner width=&#8220;1\/3&#8243; offset=&#8220;vc_col-xs-4&#8243;]\n    <div class=\"fun-facts \">\n        <div class=\"number-fact\">\n            <span class=\"number\" data-to=\"154\" data-inviewport=\"yes\">0<\/span>\n        <\/div>\n        <div class=\"title-fact\">\n            Projekt            <span class=\"text-primary\">Geliefert<\/span>\n        <\/div>\n    <\/div>\n\n    [\/vc_column_inner][vc_column_inner width=&#8220;1\/3&#8243; offset=&#8220;vc_col-xs-4&#8243;]\n    <div class=\"fun-facts \">\n        <div class=\"number-fact\">\n            <span class=\"number\" data-to=\"6\" data-inviewport=\"yes\">0<\/span>\n        <\/div>\n        <div class=\"title-fact\">\n            Qualit\u00e4tszertifikat            <span class=\"text-primary\">Abgeschlossen<\/span>\n        <\/div>\n    <\/div>\n\n    [\/vc_column_inner][\/vc_row_inner][vc_empty_space height=&#8220;60px&#8220; el_class=&#8220;lg-hidden&#8220;][\/vc_column][\/vc_row][vc_row css=&#8220;.vc_custom_1542965328792{padding-top: 100px !important;padding-bottom: 100px !important;}&#8220;][vc_column][vc_column_text]<\/p>\n<p class=\"subtitle\">B\u0130ZDEN<\/p>\n<h2>Son Haberler<\/h2>\n<p>[\/vc_column_text]    <div class=\"news-slider posts-grid row \" data-show=\"3\" data-auto=\"\" data-arrow=\"\" data-dot=\"\">\n            <\/div>\n\n    [\/vc_column][\/vc_row][vc_row el_class=&#8220;bg-primary call-to-action&#8220; css=&#8220;.vc_custom_1542184444490{padding-top: 52px !important;padding-bottom: 52px !important;}&#8220;][vc_column offset=&#8220;vc_col-md-8&#8243;][vc_custom_heading text=&#8220;Bitte kontaktieren Sie uns f\u00fcr weitere Informationen \u00fcber uns und unsere Produkte.&#8220; font_container=&#8220;tag:h3|text_align:left|color:%23ffffff&#8220; use_theme_fonts=&#8220;yes&#8220; css=&#8220;.vc_custom_1553158370760{margin-top: 10px !important;margin-bottom: 0px !important;}&#8220;][\/vc_column][vc_column offset=&#8220;vc_col-md-4&#8243;]\n    <div class=\"text-right\">\n        <a class=\"btn btn-medium btn-dark  \" href=\"\/de\/kontakt\" style=\"\">Kontakt<\/a>\n    <\/div>\n\n    [\/vc_column][\/vc_row]<\/p>\n","protected":false},"excerpt":{"rendered":"<p>[vc_row full_width=&#8220;stretch_row_content_no_spaces&#8220; fullwidth=&#8220;true&#8220;][vc_column][rev_slider_vc alias=&#8220;home-de&#8220;][\/vc_column][\/vc_row][vc_row css=&#8220;.vc_custom_1542963436303{padding-bottom: 100px !important;background-image: url(http:\/\/localhost\/industro\/wp-content\/uploads\/2018\/11\/bg-map.png?id=629) !important;}&#8220;][vc_column][vc_empty_space height=&#8220;25px&#8220; css=&#8220;.vc_custom_1552911577418{border-top-width: 1px !important;border-top-color: #dadbdf !important;border-top-style: solid !important;}&#8220;][\/vc_column][vc_column offset=&#8220;vc_col-lg-5 vc_col-md-6&#8243;][vc_column_text css=&#8220;.vc_custom_1552912029253{margin-bottom: 27px !important;}&#8220;] ZMT Metal [\/vc_column_text][vc_column_text css=&#8220;.vc_custom_1553157292782{margin-bottom: 60px !important;}&#8220;]Das ZMT Metal San.Tic. Ltd. \u015eti.\u00a0ist seit seiner Gr\u00fcndung an der Spitze der Branche und hat mit den Innovationen, die es geschaffen hat, den technologischen Wandel vorangetrieben und [&hellip;]<\/p>\n","protected":false},"author":1,"featured_media":0,"parent":0,"menu_order":0,"comment_status":"closed","ping_status":"closed","template":"","meta":[],"yoast_head":"<!-- This site is optimized with the Yoast SEO plugin v19.10 - https:\/\/yoast.com\/wordpress\/plugins\/seo\/ -->\n<title>Startseite &ndash; ZMT Metal<\/title>\n<meta name=\"robots\" content=\"index, follow, max-snippet:-1, max-image-preview:large, max-video-preview:-1\" \/>\n<link rel=\"canonical\" href=\"https:\/\/www.zmtmetal.com\/de\/\" \/>\n<meta property=\"og:locale\" content=\"de_DE\" \/>\n<meta property=\"og:type\" content=\"article\" \/>\n<meta property=\"og:title\" content=\"Startseite &ndash; ZMT Metal\" \/>\n<meta property=\"og:description\" content=\"[vc_row full_width=&#8220;stretch_row_content_no_spaces&#8220; fullwidth=&#8220;true&#8220;][vc_column][rev_slider_vc alias=&#8220;home-de&#8220;][\/vc_column][\/vc_row][vc_row css=&#8220;.vc_custom_1542963436303{padding-bottom: 100px !important;background-image: url(http:\/\/localhost\/industro\/wp-content\/uploads\/2018\/11\/bg-map.png?id=629) !important;}&#8220;][vc_column][vc_empty_space height=&#8220;25px&#8220; css=&#8220;.vc_custom_1552911577418{border-top-width: 1px !important;border-top-color: #dadbdf !important;border-top-style: solid !important;}&#8220;][\/vc_column][vc_column offset=&#8220;vc_col-lg-5 vc_col-md-6&#8243;][vc_column_text css=&#8220;.vc_custom_1552912029253{margin-bottom: 27px !important;}&#8220;] ZMT Metal [\/vc_column_text][vc_column_text css=&#8220;.vc_custom_1553157292782{margin-bottom: 60px !important;}&#8220;]Das ZMT Metal San.Tic. Ltd. \u015eti.\u00a0ist seit seiner Gr\u00fcndung an der Spitze der Branche und hat mit den Innovationen, die es geschaffen hat, den technologischen Wandel vorangetrieben und [&hellip;]\" \/>\n<meta property=\"og:url\" content=\"https:\/\/www.zmtmetal.com\/de\/\" \/>\n<meta property=\"og:site_name\" content=\"ZMT Metal\" \/>\n<meta property=\"article:modified_time\" content=\"2019-03-21T09:20:59+00:00\" \/>\n<meta name=\"twitter:card\" content=\"summary_large_image\" \/>\n<meta name=\"twitter:label1\" content=\"Gesch\u00e4tzte Lesezeit\" \/>\n\t<meta name=\"twitter:data1\" content=\"4\u00a0Minuten\" \/>\n<script type=\"application\/ld+json\" class=\"yoast-schema-graph\">{\"@context\":\"https:\/\/schema.org\",\"@graph\":[{\"@type\":\"WebPage\",\"@id\":\"https:\/\/www.zmtmetal.com\/de\/\",\"url\":\"https:\/\/www.zmtmetal.com\/de\/\",\"name\":\"Startseite &ndash; ZMT Metal\",\"isPartOf\":{\"@id\":\"https:\/\/www.zmtmetal.com\/#website\"},\"datePublished\":\"2018-11-23T05:24:33+00:00\",\"dateModified\":\"2019-03-21T09:20:59+00:00\",\"breadcrumb\":{\"@id\":\"https:\/\/www.zmtmetal.com\/de\/#breadcrumb\"},\"inLanguage\":\"de\",\"potentialAction\":[{\"@type\":\"ReadAction\",\"target\":[\"https:\/\/www.zmtmetal.com\/de\/\"]}]},{\"@type\":\"BreadcrumbList\",\"@id\":\"https:\/\/www.zmtmetal.com\/de\/#breadcrumb\",\"itemListElement\":[{\"@type\":\"ListItem\",\"position\":1,\"name\":\"Ana sayfa\",\"item\":\"https:\/\/www.zmtmetal.com\/de\/\"},{\"@type\":\"ListItem\",\"position\":2,\"name\":\"Startseite\"}]},{\"@type\":\"WebSite\",\"@id\":\"https:\/\/www.zmtmetal.com\/#website\",\"url\":\"https:\/\/www.zmtmetal.com\/\",\"name\":\"ZMT Metal\",\"description\":\"ZMT Metal Kurumsal Web Sitesi\",\"publisher\":{\"@id\":\"https:\/\/www.zmtmetal.com\/#organization\"},\"potentialAction\":[{\"@type\":\"SearchAction\",\"target\":{\"@type\":\"EntryPoint\",\"urlTemplate\":\"https:\/\/www.zmtmetal.com\/?s={search_term_string}\"},\"query-input\":\"required name=search_term_string\"}],\"inLanguage\":\"de\"},{\"@type\":\"Organization\",\"@id\":\"https:\/\/www.zmtmetal.com\/#organization\",\"name\":\"ZMT Metal\",\"url\":\"https:\/\/www.zmtmetal.com\/\",\"logo\":{\"@type\":\"ImageObject\",\"inLanguage\":\"de\",\"@id\":\"https:\/\/www.zmtmetal.com\/#\/schema\/logo\/image\/\",\"url\":\"https:\/\/www.zmtmetal.com\/wp-content\/uploads\/2019\/03\/ZMTMetal-Logo@2x.png\",\"contentUrl\":\"https:\/\/www.zmtmetal.com\/wp-content\/uploads\/2019\/03\/ZMTMetal-Logo@2x.png\",\"width\":1000,\"height\":746,\"caption\":\"ZMT Metal\"},\"image\":{\"@id\":\"https:\/\/www.zmtmetal.com\/#\/schema\/logo\/image\/\"}}]}<\/script>\n<!-- \/ Yoast SEO plugin. -->","yoast_head_json":{"title":"Startseite &ndash; ZMT Metal","robots":{"index":"index","follow":"follow","max-snippet":"max-snippet:-1","max-image-preview":"max-image-preview:large","max-video-preview":"max-video-preview:-1"},"canonical":"https:\/\/www.zmtmetal.com\/de\/","og_locale":"de_DE","og_type":"article","og_title":"Startseite &ndash; ZMT Metal","og_description":"[vc_row full_width=&#8220;stretch_row_content_no_spaces&#8220; fullwidth=&#8220;true&#8220;][vc_column][rev_slider_vc alias=&#8220;home-de&#8220;][\/vc_column][\/vc_row][vc_row css=&#8220;.vc_custom_1542963436303{padding-bottom: 100px !important;background-image: url(http:\/\/localhost\/industro\/wp-content\/uploads\/2018\/11\/bg-map.png?id=629) !important;}&#8220;][vc_column][vc_empty_space height=&#8220;25px&#8220; css=&#8220;.vc_custom_1552911577418{border-top-width: 1px !important;border-top-color: #dadbdf !important;border-top-style: solid !important;}&#8220;][\/vc_column][vc_column offset=&#8220;vc_col-lg-5 vc_col-md-6&#8243;][vc_column_text css=&#8220;.vc_custom_1552912029253{margin-bottom: 27px !important;}&#8220;] ZMT Metal [\/vc_column_text][vc_column_text css=&#8220;.vc_custom_1553157292782{margin-bottom: 60px !important;}&#8220;]Das ZMT Metal San.Tic. Ltd. \u015eti.\u00a0ist seit seiner Gr\u00fcndung an der Spitze der Branche und hat mit den Innovationen, die es geschaffen hat, den technologischen Wandel vorangetrieben und [&hellip;]","og_url":"https:\/\/www.zmtmetal.com\/de\/","og_site_name":"ZMT Metal","article_modified_time":"2019-03-21T09:20:59+00:00","twitter_card":"summary_large_image","twitter_misc":{"Gesch\u00e4tzte Lesezeit":"4\u00a0Minuten"},"schema":{"@context":"https:\/\/schema.org","@graph":[{"@type":"WebPage","@id":"https:\/\/www.zmtmetal.com\/de\/","url":"https:\/\/www.zmtmetal.com\/de\/","name":"Startseite &ndash; ZMT Metal","isPartOf":{"@id":"https:\/\/www.zmtmetal.com\/#website"},"datePublished":"2018-11-23T05:24:33+00:00","dateModified":"2019-03-21T09:20:59+00:00","breadcrumb":{"@id":"https:\/\/www.zmtmetal.com\/de\/#breadcrumb"},"inLanguage":"de","potentialAction":[{"@type":"ReadAction","target":["https:\/\/www.zmtmetal.com\/de\/"]}]},{"@type":"BreadcrumbList","@id":"https:\/\/www.zmtmetal.com\/de\/#breadcrumb","itemListElement":[{"@type":"ListItem","position":1,"name":"Ana sayfa","item":"https:\/\/www.zmtmetal.com\/de\/"},{"@type":"ListItem","position":2,"name":"Startseite"}]},{"@type":"WebSite","@id":"https:\/\/www.zmtmetal.com\/#website","url":"https:\/\/www.zmtmetal.com\/","name":"ZMT Metal","description":"ZMT Metal Kurumsal Web Sitesi","publisher":{"@id":"https:\/\/www.zmtmetal.com\/#organization"},"potentialAction":[{"@type":"SearchAction","target":{"@type":"EntryPoint","urlTemplate":"https:\/\/www.zmtmetal.com\/?s={search_term_string}"},"query-input":"required name=search_term_string"}],"inLanguage":"de"},{"@type":"Organization","@id":"https:\/\/www.zmtmetal.com\/#organization","name":"ZMT Metal","url":"https:\/\/www.zmtmetal.com\/","logo":{"@type":"ImageObject","inLanguage":"de","@id":"https:\/\/www.zmtmetal.com\/#\/schema\/logo\/image\/","url":"https:\/\/www.zmtmetal.com\/wp-content\/uploads\/2019\/03\/ZMTMetal-Logo@2x.png","contentUrl":"https:\/\/www.zmtmetal.com\/wp-content\/uploads\/2019\/03\/ZMTMetal-Logo@2x.png","width":1000,"height":746,"caption":"ZMT Metal"},"image":{"@id":"https:\/\/www.zmtmetal.com\/#\/schema\/logo\/image\/"}}]}},"_links":{"self":[{"href":"https:\/\/www.zmtmetal.com\/de\/wp-json\/wp\/v2\/pages\/8155\/"}],"collection":[{"href":"https:\/\/www.zmtmetal.com\/de\/wp-json\/wp\/v2\/pages\/"}],"about":[{"href":"https:\/\/www.zmtmetal.com\/de\/wp-json\/wp\/v2\/types\/page\/"}],"author":[{"embeddable":true,"href":"https:\/\/www.zmtmetal.com\/de\/wp-json\/wp\/v2\/users\/1\/"}],"replies":[{"embeddable":true,"href":"https:\/\/www.zmtmetal.com\/de\/wp-json\/wp\/v2\/comments\/?post=8155"}],"version-history":[{"count":6,"href":"https:\/\/www.zmtmetal.com\/de\/wp-json\/wp\/v2\/pages\/8155\/revisions\/"}],"predecessor-version":[{"id":8206,"href":"https:\/\/www.zmtmetal.com\/de\/wp-json\/wp\/v2\/pages\/8155\/revisions\/8206\/"}],"wp:attachment":[{"href":"https:\/\/www.zmtmetal.com\/de\/wp-json\/wp\/v2\/media\/?parent=8155"}],"curies":[{"name":"wp","href":"https:\/\/api.w.org\/{rel}","templated":true}]}}